{"id":2409,"date":"2023-11-08T17:39:42","date_gmt":"2023-11-08T16:39:42","guid":{"rendered":"https:\/\/www.odpadbistrica.si\/kontakt\/"},"modified":"2024-09-24T14:06:07","modified_gmt":"2024-09-24T12:06:07","slug":"kontakt","status":"publish","type":"page","link":"https:\/\/www.odpadbistrica.si\/de\/kontakt\/","title":{"rendered":"Kontakt"},"content":{"rendered":"<section class=\"wpb-content-wrapper\"><p>[vc_row full_width=&#8220;stretch_row_content_no_spaces&#8220; el_class=&#8220;sp-page-title&#8220;][vc_column]\t\t\n\t\t<div class=\"title-banner\" style=\"background-image: linear-gradient(rgba(0, 0, 0, 0.2),rgba(0, 0, 0, 0.3)),url();\">\n\n\t\t<\/div>\n\t\t<div class=\"title-bg-belt\">\n\t\t\t\n\t\t<\/div>\n\t\t<div class=\"container container-for-crumbs\">\n\t\t\t\t<div class=\"breadcrumbs-container\">\n\t\t\t\t\t\t<div class=\"breadcrumbs\">\n\t\t\t\t\t\t\t\n\t<ul class=\"ns-breadcrumbs\">\n\t\t\t<li><a href=\"https:\/\/www.odpadbistrica.si\/de\/\">Startseite<\/a><\/li>\n\t\t\t\t<li>Kontakt<\/li>\n\t<\/ul>\n\t\n\t\t\t\t\t\t\t\t<div class=\"clearfix\"><\/div>\n\t\t\t\t\t\t<\/div>\n\t\t\t\t<\/div>\n\t\t\t\t<h1 class=\"entry-title\">Kontakt<\/h1>\n\t\t\t\t\t\t<\/div>\n\n\t\t[\/vc_column][\/vc_row][vc_row el_class=&#8220;sp-kontakt-sec-1&#8243;][vc_column width=&#8220;4\/12&#8243; el_class=&#8220;col-left&#8220;]\t\t\r\n\t\t<p class=\"info \"><b>Odpad Bistrica d.o.o.<\/b><br>\r\nKolodvorska ulica 37D<br>\r\n2310 Slovenska Bistrica, Slovenija<\/p>\r\n\r\n\t\t\r\n\t\t<div class=\"wpb_raw_code wpb_content_element wpb_raw_html  \">\r\n      <div class=\"wpb_wrapper\">\r\n                        <a href=\"tel:+386 590 39 591\">\r\n                            <svg width=\"18\" height=\"18\" viewBox=\"0 0 18 18\" fill=\"none\" xmlns=\"http:\/\/www.w3.org\/2000\/svg\">\r\n    <path d=\"M18 13.42V16.956C18.0001 17.2092 17.9042 17.453 17.7316 17.6382C17.559 17.8234 17.3226 17.9363 17.07 17.954C16.633 17.984 16.276 18 16 18C7.163 18 0 10.837 0 2C0 1.724 0.015 1.367 0.046 0.93C0.0637224 0.677444 0.176581 0.441011 0.361804 0.268409C0.547026 0.0958068 0.790823 -0.000114433 1.044 2.56579e-07H4.58C4.70404 -0.000125334 4.8237 0.045859 4.91573 0.12902C5.00776 0.212182 5.0656 0.326583 5.078 0.45C5.101 0.68 5.122 0.863 5.142 1.002C5.34073 2.38892 5.748 3.73783 6.35 5.003C6.445 5.203 6.383 5.442 6.203 5.57L4.045 7.112C5.36445 10.1865 7.81455 12.6365 10.889 13.956L12.429 11.802C12.4919 11.714 12.5838 11.6509 12.6885 11.6237C12.7932 11.5964 12.9042 11.6068 13.002 11.653C14.267 12.2539 15.6156 12.6602 17.002 12.858C17.141 12.878 17.324 12.899 17.552 12.922C17.6752 12.9346 17.7894 12.9926 17.8724 13.0846C17.9553 13.1766 18.0002 13.2961 18 13.42Z\" fill=\"#FFF200\"\/>\r\n    <\/svg> \r\n                            <span>\r\n                                  <span class='hide-mobile'><\/span><span class='inner-contents'>+386 590 39 591<\/span>\r\n                    \r\n                            <\/span>\r\n                <\/a>\r\n              <\/div>\r\n    <\/div>\r\n\r\n\t\t\r\n    <div class=\"wpb_raw_code wpb_content_element wpb_raw_html  \">\r\n          <div class=\"wpb_wrapper\">\r\n                                <a href=\"tel:+386 70 682 118\">\r\n                                <svg width=\"18\" height=\"18\" viewBox=\"0 0 18 18\" fill=\"none\" xmlns=\"http:\/\/www.w3.org\/2000\/svg\">\r\n    <path d=\"M18 13.42V16.956C18.0001 17.2092 17.9042 17.453 17.7316 17.6382C17.559 17.8234 17.3226 17.9363 17.07 17.954C16.633 17.984 16.276 18 16 18C7.163 18 0 10.837 0 2C0 1.724 0.015 1.367 0.046 0.93C0.0637224 0.677444 0.176581 0.441011 0.361804 0.268409C0.547026 0.0958068 0.790823 -0.000114433 1.044 2.56579e-07H4.58C4.70404 -0.000125334 4.8237 0.045859 4.91573 0.12902C5.00776 0.212182 5.0656 0.326583 5.078 0.45C5.101 0.68 5.122 0.863 5.142 1.002C5.34073 2.38892 5.748 3.73783 6.35 5.003C6.445 5.203 6.383 5.442 6.203 5.57L4.045 7.112C5.36445 10.1865 7.81455 12.6365 10.889 13.956L12.429 11.802C12.4919 11.714 12.5838 11.6509 12.6885 11.6237C12.7932 11.5964 12.9042 11.6068 13.002 11.653C14.267 12.2539 15.6156 12.6602 17.002 12.858C17.141 12.878 17.324 12.899 17.552 12.922C17.6752 12.9346 17.7894 12.9926 17.8724 13.0846C17.9553 13.1766 18.0002 13.2961 18 13.42Z\" fill=\"#FFF200\"\/>\r\n    <\/svg> \r\n                                <span>\r\n                                      <span class='hide-mobile'><\/span><span class='inner-contents'>+386 70 682 118<\/span>\r\n                        \r\n                                <\/span>\r\n                    <\/a>\r\n                      <\/div>\r\n    <\/div>\r\n\r\n\t\t\t\t\r\n\t\t<div class=\"wpb_raw_code wpb_content_element wpb_raw_html  \">\r\n      <div class=\"wpb_wrapper\">\r\n             <a href=\"&#x6d;a&#x69;l&#x74;&#111;:&#x69;n&#x66;&#111;&#64;&#x6f;d&#x70;&#97;d&#x62;i&#x73;t&#x72;&#x69;c&#x61;.&#x73;&#105;\">\r\n                    <svg width=\"22\" height=\"18\" viewBox=\"0 0 22 18\" fill=\"none\" xmlns=\"http:\/\/www.w3.org\/2000\/svg\">\r\n    <path d=\"M6.97518e-09 5.124L10.654 10.665C10.7609 10.7206 10.8795 10.7496 11 10.7496C11.1205 10.7496 11.2391 10.7206 11.346 10.665L22 5.125V14.75C22.0001 15.5801 21.6824 16.3788 21.1123 16.9822C20.5422 17.5856 19.7628 17.948 18.934 17.995L18.75 18H3.25C2.41986 18.0001 1.62117 17.6824 1.01777 17.1123C0.414367 16.5422 0.0519987 15.7628 0.00500012 14.934L6.97518e-09 14.75V5.124ZM3.25 6.97519e-09H18.75C19.5801 -5.43467e-05 20.3788 0.317554 20.9822 0.887671C21.5856 1.45779 21.948 2.23719 21.995 3.066L22 3.25V3.434L11 9.154L6.97518e-09 3.434V3.25C-5.43467e-05 2.41986 0.317554 1.62117 0.887672 1.01777C1.45779 0.414367 2.23719 0.0519987 3.066 0.00500012L3.25 6.97519e-09Z\" fill=\"#FFF200\"\/>\r\n    <\/svg> \r\n                    <span>\r\n                          <span class='hide-mobile'><\/span><span class='inner-contents'>i&#x6e;&#x66;o&#64;&#x6f;d&#112;&#x61;d&#98;&#x69;st&#x72;&#x69;c&#x61;&#x2e;s&#105;<\/span>\r\n            \r\n                    <\/span>\r\n            <\/a>\r\n      <\/div>\r\n    <\/div>\r\n\r\n\t\t\t\t\r\n\t\t<div class=\"wpb_raw_code wpb_content_element wpb_raw_html  \">\r\n      <div class=\"wpb_wrapper\">\r\n             <a href=\"&#109;&#x61;i&#x6c;t&#111;&#x3a;v&#x69;l&#x69;j&#101;&#x6d;.&#x6a;a&#x6e;&#x75;&#115;&#x6b;a&#x40;o&#100;&#x70;a&#x64;b&#x69;s&#116;&#x72;i&#x63;a&#46;&#x73;i\">\r\n                    <svg width=\"22\" height=\"18\" viewBox=\"0 0 22 18\" fill=\"none\" xmlns=\"http:\/\/www.w3.org\/2000\/svg\">\r\n    <path d=\"M6.97518e-09 5.124L10.654 10.665C10.7609 10.7206 10.8795 10.7496 11 10.7496C11.1205 10.7496 11.2391 10.7206 11.346 10.665L22 5.125V14.75C22.0001 15.5801 21.6824 16.3788 21.1123 16.9822C20.5422 17.5856 19.7628 17.948 18.934 17.995L18.75 18H3.25C2.41986 18.0001 1.62117 17.6824 1.01777 17.1123C0.414367 16.5422 0.0519987 15.7628 0.00500012 14.934L6.97518e-09 14.75V5.124ZM3.25 6.97519e-09H18.75C19.5801 -5.43467e-05 20.3788 0.317554 20.9822 0.887671C21.5856 1.45779 21.948 2.23719 21.995 3.066L22 3.25V3.434L11 9.154L6.97518e-09 3.434V3.25C-5.43467e-05 2.41986 0.317554 1.62117 0.887672 1.01777C1.45779 0.414367 2.23719 0.0519987 3.066 0.00500012L3.25 6.97519e-09Z\" fill=\"#FFF200\"\/>\r\n    <\/svg> \r\n                    <span>\r\n                          <span class='hide-mobile'><\/span><span class='inner-contents'>vilijem&#46;&#106;&#97;&#110;&#x75;&#x73;&#x6b;&#x61;&#x40;&#x6f;&#x64;&#x70;&#x61;dbistri&#99;&#97;&#46;&#115;&#x69;<\/span>\r\n            \r\n                    <\/span>\r\n            <\/a>\r\n      <\/div>\r\n    <\/div>\r\n\r\n\t\t\t\t\r\n\t\t<div class=\"wpb_raw_code wpb_content_element wpb_raw_html  \">\r\n      <div class=\"wpb_wrapper\">\r\n             <a href=\"&#x6d;a&#x69;l&#x74;&#111;:&#x6e;u&#x73;&#97;.&#x67;a&#x6e;&#122;i&#x74;t&#x69;&#64;&#x6f;&#x64;p&#x61;d&#x62;&#105;s&#x74;r&#x69;&#99;a&#x2e;s&#x69; \">\r\n                    <svg width=\"22\" height=\"18\" viewBox=\"0 0 22 18\" fill=\"none\" xmlns=\"http:\/\/www.w3.org\/2000\/svg\">\r\n    <path d=\"M6.97518e-09 5.124L10.654 10.665C10.7609 10.7206 10.8795 10.7496 11 10.7496C11.1205 10.7496 11.2391 10.7206 11.346 10.665L22 5.125V14.75C22.0001 15.5801 21.6824 16.3788 21.1123 16.9822C20.5422 17.5856 19.7628 17.948 18.934 17.995L18.75 18H3.25C2.41986 18.0001 1.62117 17.6824 1.01777 17.1123C0.414367 16.5422 0.0519987 15.7628 0.00500012 14.934L6.97518e-09 14.75V5.124ZM3.25 6.97519e-09H18.75C19.5801 -5.43467e-05 20.3788 0.317554 20.9822 0.887671C21.5856 1.45779 21.948 2.23719 21.995 3.066L22 3.25V3.434L11 9.154L6.97518e-09 3.434V3.25C-5.43467e-05 2.41986 0.317554 1.62117 0.887672 1.01777C1.45779 0.414367 2.23719 0.0519987 3.066 0.00500012L3.25 6.97519e-09Z\" fill=\"#FFF200\"\/>\r\n    <\/svg> \r\n                    <span>\r\n                          <span class='hide-mobile'><\/span><span class='inner-contents'>&#110;u&#x73;a&#x2e;g&#x61;&#110;&#x7a;&#105;t&#x74;i&#x40;o&#x64;p&#x61;&#100;&#x62;&#105;s&#x74;r&#x69;c&#x61;&#46;&#x73;&#105; <\/span>\r\n            \r\n                    <\/span>\r\n            <\/a>\r\n      <\/div>\r\n    <\/div>\r\n\r\n\t\t[vc_empty_space height=&#8220;15px&#8220;][vc_column_text]Steuernummer: SI 77316614<br \/>\nRegistrierungsnummer: 5821096000<br \/>\nTRR-Konto:<br \/>\nSI56 1010 0004 8068 830 Intesa Sanpaolo Bank<br \/>\nSI56 0451 5000 0594 633 OTP Bank[\/vc_column_text][vc_empty_space][\/vc_column][vc_column width=&#8220;8\/12&#8243; el_class=&#8220;col-right&#8220;][vc_column_text]<strong>ARBEITSZEITEN<\/strong><\/p>\n<p>Montag &#8211; Freitag: von 7:00 bis 15:00 Uhr<\/p>\n<p>Barauszahlungen an Privatkunden sind von Montag bis Freitag zwischen 7:00 und 14:30 Uhr bis zu einem Betrag von 420 \u20ac m\u00f6glich.[\/vc_column_text]\n<div class=\"wpcf7 no-js\" id=\"wpcf7-f2444-o1\" lang=\"sl-SI\" dir=\"ltr\">\n<div class=\"screen-reader-response\"><p role=\"status\" aria-live=\"polite\" aria-atomic=\"true\"><\/p> <ul><\/ul><\/div>\n<form action=\"\/de\/wp-json\/wp\/v2\/pages\/2409#wpcf7-f2444-o1\" method=\"post\" class=\"wpcf7-form init\" aria-label=\"Contact form\" novalidate=\"novalidate\" data-status=\"init\">\n<div style=\"display: none;\">\n<input type=\"hidden\" name=\"_wpcf7\" value=\"2444\" \/>\n<input type=\"hidden\" name=\"_wpcf7_version\" value=\"5.7.3\" \/>\n<input type=\"hidden\" name=\"_wpcf7_locale\" value=\"sl_SI\" \/>\n<input type=\"hidden\" name=\"_wpcf7_unit_tag\" value=\"wpcf7-f2444-o1\" \/>\n<input type=\"hidden\" name=\"_wpcf7_container_post\" value=\"0\" \/>\n<input type=\"hidden\" name=\"_wpcf7_posted_data_hash\" value=\"\" \/>\n<input type=\"hidden\" name=\"_wpcf7_recaptcha_response\" value=\"\" \/>\n<\/div>\n<h3>Anfrage senden\n<\/h3>\n<p>Senden Sie eine Anfrage und wir werden Ihnen so schnell wie m\u00f6glich antworten.\n<\/p>\n<div class=\"kont-povpr-izd-title\">\n\t<div>\n\t\t<p><b>Povpra\u0161evanje za podro\u010dje:<\/b>\n\t\t<\/p>\n\t<\/div>\n\t<p><span class=\"wpcf7-form-control-wrap\" data-name=\"prod\"><input size=\"40\" class=\"wpcf7-form-control wpcf7-text\" readonly=\"readonly\" aria-invalid=\"false\" value=\"\" type=\"text\" name=\"prod\" \/><\/span>\n\t<\/p>\n<\/div>\n<p class=\"p-input\"><span class=\"wpcf7-form-control-wrap\" data-name=\"your-name\"><input size=\"40\" class=\"wpcf7-form-control wpcf7-text wpcf7-validates-as-required\" aria-required=\"true\" aria-invalid=\"false\" placeholder=\"Vorname und Nachname *\" value=\"\" type=\"text\" name=\"your-name\" \/><\/span>\n<\/p>\n<p class=\"p-input\"><span class=\"wpcf7-form-control-wrap\" data-name=\"your-email\"><input size=\"40\" class=\"wpcf7-form-control wpcf7-text wpcf7-email wpcf7-validates-as-required wpcf7-validates-as-email\" aria-required=\"true\" aria-invalid=\"false\" placeholder=\"E-mail *\" value=\"\" type=\"email\" name=\"your-email\" \/><\/span>\n<\/p>\n<p class=\"p-input\"><span class=\"wpcf7-form-control-wrap\" data-name=\"your-tel\"><input size=\"40\" class=\"wpcf7-form-control wpcf7-text wpcf7-validates-as-required\" aria-required=\"true\" aria-invalid=\"false\" placeholder=\"Telefon *\" value=\"\" type=\"text\" name=\"your-tel\" \/><\/span>\n<\/p>\n<p class=\"p-input\"><span class=\"wpcf7-form-control-wrap\" data-name=\"your-message\"><textarea cols=\"40\" rows=\"10\" class=\"wpcf7-form-control wpcf7-textarea\" aria-invalid=\"false\" placeholder=\"Ihre Nachricht...\" name=\"your-message\"><\/textarea><\/span>\n<\/p>\n<p class=\"small-text\">Mit * gekennzeichnete Felder sind Pflichtfelder!\n<\/p>\n<p class=\"small-text\"><span class=\"wpcf7-form-control-wrap\" data-name=\"your-gdpr\"><span class=\"wpcf7-form-control wpcf7-checkbox wpcf7-validates-as-required\"><span class=\"wpcf7-list-item first last\"><input type=\"checkbox\" name=\"your-gdpr[]\" value=\"*\" tabindex=\"\" \/><span class=\"wpcf7-list-item-label\">*<\/span><\/span><\/span><\/span> Ich bin damit einverstanden, dass Odpad Bistrica d.o.o. meine pers\u00f6nlichen Daten aus dem Formular f\u00fcr den internen Gebrauch und die Kommunikation mit mir f\u00fcr die Zwecke der eingereichten Anfrage speichert. Der Benutzer kann die L\u00f6schung der pers\u00f6nlichen Daten per E-Mail beantragen <a href=\"mailto: inf&#111;&#x40;&#x6f;&#x64;&#x70;adb&#105;&#x73;&#x74;&#x72;&#x69;ca.&#115;&#105;\"> &#x69;nf&#x6f;&#64;o&#x64;&#112;a&#x64;&#x62;i&#x73;&#x74;ri&#x63;&#97;.&#x73;&#105; <\/a>.\n<\/p>\n<p><input class=\"wpcf7-form-control has-spinner wpcf7-submit\" type=\"submit\" value=\"Senden\" \/>\n<\/p><div class=\"wpcf7-response-output\" aria-hidden=\"true\"><\/div>\n<\/form>\n<\/div>\n[\/vc_column][\/vc_row][vc_row full_width=&#8220;stretch_row_content_no_spaces&#8220; el_class=&#8220;sp-kontakt-sec-3&#8243;][vc_column][vc_gmaps link=&#8220;#E-8_JTNDaWZyYW1lJTIwc3JjJTNEJTIyaHR0cHMlM0ElMkYlMkZ3d3cuZ29vZ2xlLmNvbSUyRm1hcHMlMkZlbWJlZCUzRnBiJTNEJTIxMW0xOCUyMTFtMTIlMjExbTMlMjExZDM5NTcwLjQ3MjEyOTA2MzQ4NCUyMTJkMTUuNTQyMDc2ODEwNTE0OTA4JTIxM2Q0Ni4zODc3NjkwNzY5OTIzMiUyMTJtMyUyMTFmMCUyMTJmMCUyMTNmMCUyMTNtMiUyMTFpMTAyNCUyMTJpNzY4JTIxNGYxMy4xJTIxM20zJTIxMW0yJTIxMXMweDQ3NmY3ZTE3ZTMxMGQ4MzUlMjUzQTB4MWU2ZGFmYzcwZDNmMTBlNCUyMTJzS29sb2R2b3Jza2ElMjUyMHVsaWNhJTI1MjAzN2QlMjUyQyUyNTIwMjMxMCUyNTIwU2xvdmVuc2thJTI1MjBCaXN0cmljYSUyNTJDJTI1MjBTbG92ZW5pamElMjE1ZTAlMjEzbTIlMjExc3NsJTIxMnNkZSUyMTR2MTcwMDEzMDE4MzkwNSUyMTVtMiUyMTFzc2wlMjEyc2RlJTIyJTIwd2lkdGglM0QlMjI2MDAlMjIlMjBoZWlnaHQlM0QlMjI0NTAlMjIlMjBzdHlsZSUzRCUyMmJvcmRlciUzQTAlM0IlMjIlMjBhbGxvd2Z1bGxzY3JlZW4lM0QlMjIlMjIlMjBsb2FkaW5nJTNEJTIybGF6eSUyMiUyMHJlZmVycmVycG9saWN5JTNEJTIybm8tcmVmZXJyZXItd2hlbi1kb3duZ3JhZGUlMjIlM0UlM0MlMkZpZnJhbWUlM0U=&#8220; el_class=&#8220;sp-kontakt-sec-3&#8243;][\/vc_column][\/vc_row]<\/p>\n<\/section>","protected":false},"excerpt":{"rendered":"<p>[vc_row full_width=&#8220;stretch_row_content_no_spaces&#8220; el_class=&#8220;sp-page-title&#8220;][vc_column][\/vc_column][\/vc_row][vc_row el_class=&#8220;sp-kontakt-sec-1&#8243;][vc_column width=&#8220;4\/12&#8243; el_class=&#8220;col-left&#8220;][vc_empty_space height=&#8220;15px&#8220;][vc_column_text]Steuernummer: SI 77316614 Registrierungsnummer: 5821096000 TRR-Konto: SI56 1010 0004 8068 830 Intesa Sanpaolo Bank SI56 0451 5000 0594 633 OTP Bank[\/vc_column_text][vc_empty_space][\/vc_column][vc_column width=&#8220;8\/12&#8243; el_class=&#8220;col-right&#8220;][vc_column_text]ARBEITSZEITEN Montag &#8211; Freitag: von 7:00 bis 15:00 Uhr Barauszahlungen an Privatkunden sind von Montag bis Freitag zwischen 7:00 und 14:30 Uhr bis zu einem Betrag von 420 \u20ac m\u00f6glich.[\/vc_column_text][\/vc_column][\/vc_row][vc_row full_width=&#8220;stretch_row_content_no_spaces&#8220; el_class=&#8220;sp-kontakt-sec-3&#8243;][vc_column][vc_gmaps link=&#8220;#E-8_JTNDaWZyYW1lJTIwc3JjJTNEJTIyaHR0cHMlM0ElMkYlMkZ3d3cuZ29vZ2xlLmNvbSUyRm1hcHMlMkZlbWJlZCUzRnBiJTNEJTIxMW0xOCUyMTFtMTIlMjExbTMlMjExZDM5NTcwLjQ3MjEyOTA2MzQ4NCUyMTJkMTUuNTQyMDc2ODEwNTE0OTA4JTIxM2Q0Ni4zODc3NjkwNzY5OTIzMiUyMTJtMyUyMTFmMCUyMTJmMCUyMTNmMCUyMTNtMiUyMTFpMTAyNCUyMTJpNzY4JTIxNGYxMy4xJTIxM20zJTIxMW0yJTIxMXMweDQ3NmY3ZTE3ZTMxMGQ4MzUlMjUzQTB4MWU2ZGFmYzcwZDNmMTBlNCUyMTJzS29sb2R2b3Jza2ElMjUyMHVsaWNhJTI1MjAzN2QlMjUyQyUyNTIwMjMxMCUyNTIwU2xvdmVuc2thJTI1MjBCaXN0cmljYSUyNTJDJTI1MjBTbG92ZW5pamElMjE1ZTAlMjEzbTIlMjExc3NsJTIxMnNkZSUyMTR2MTcwMDEzMDE4MzkwNSUyMTVtMiUyMTFzc2wlMjEyc2RlJTIyJTIwd2lkdGglM0QlMjI2MDAlMjIlMjBoZWlnaHQlM0QlMjI0NTAlMjIlMjBzdHlsZSUzRCUyMmJvcmRlciUzQTAlM0IlMjIlMjBhbGxvd2Z1bGxzY3JlZW4lM0QlMjIlMjIlMjBsb2FkaW5nJTNEJTIybGF6eSUyMiUyMHJlZmVycmVycG9saWN5JTNEJTIybm8tcmVmZXJyZXItd2hlbi1kb3duZ3JhZGUlMjIlM0UlM0MlMkZpZnJhbWUlM0U=&#8220; el_class=&#8220;sp-kontakt-sec-3&#8243;][\/vc_column][\/vc_row]<\/p>\n","protected":false},"author":1,"featured_media":0,"parent":0,"menu_order":4,"comment_status":"closed","ping_status":"closed","template":"","meta":{"footnotes":""},"class_list":["post-2409","page","type-page","status-publish","hentry"],"_links":{"self":[{"href":"https:\/\/www.odpadbistrica.si\/de\/wp-json\/wp\/v2\/pages\/2409","targetHints":{"allow":["GET"]}}],"collection":[{"href":"https:\/\/www.odpadbistrica.si\/de\/wp-json\/wp\/v2\/pages"}],"about":[{"href":"https:\/\/www.odpadbistrica.si\/de\/wp-json\/wp\/v2\/types\/page"}],"author":[{"embeddable":true,"href":"https:\/\/www.odpadbistrica.si\/de\/wp-json\/wp\/v2\/users\/1"}],"replies":[{"embeddable":true,"href":"https:\/\/www.odpadbistrica.si\/de\/wp-json\/wp\/v2\/comments?post=2409"}],"version-history":[{"count":4,"href":"https:\/\/www.odpadbistrica.si\/de\/wp-json\/wp\/v2\/pages\/2409\/revisions"}],"predecessor-version":[{"id":2539,"href":"https:\/\/www.odpadbistrica.si\/de\/wp-json\/wp\/v2\/pages\/2409\/revisions\/2539"}],"wp:attachment":[{"href":"https:\/\/www.odpadbistrica.si\/de\/wp-json\/wp\/v2\/media?parent=2409"}],"curies":[{"name":"wp","href":"https:\/\/api.w.org\/{rel}","templated":true}]}}