{"id":2413,"date":"2023-11-08T17:39:41","date_gmt":"2023-11-08T16:39:41","guid":{"rendered":"https:\/\/www.odpadbistrica.si\/odkup-kovin\/"},"modified":"2023-12-19T08:29:54","modified_gmt":"2023-12-19T07:29:54","slug":"metalle-kaufen","status":"publish","type":"page","link":"https:\/\/www.odpadbistrica.si\/de\/metalle-kaufen\/","title":{"rendered":"Metalle kaufen"},"content":{"rendered":"<section class=\"wpb-content-wrapper\"><p>[vc_row full_width=&#8220;stretch_row_content_no_spaces&#8220; el_class=&#8220;sp-page-title&#8220;][vc_column]\t\t\n\t\t<div class=\"title-banner\" style=\"background-image: linear-gradient(rgba(0, 0, 0, 0.2),rgba(0, 0, 0, 0.3)),url();\">\n\n\t\t<\/div>\n\t\t<div class=\"title-bg-belt\">\n\t\t\t\n\t\t<\/div>\n\t\t<div class=\"container container-for-crumbs\">\n\t\t\t\t<div class=\"breadcrumbs-container\">\n\t\t\t\t\t\t<div class=\"breadcrumbs\">\n\t\t\t\t\t\t\t\n\t<ul class=\"ns-breadcrumbs\">\n\t\t\t<li><a href=\"https:\/\/www.odpadbistrica.si\/de\/\">Startseite<\/a><\/li>\n\t\t\t\t<li>Metalle kaufen<\/li>\n\t<\/ul>\n\t\n\t\t\t\t\t\t\t\t<div class=\"clearfix\"><\/div>\n\t\t\t\t\t\t<\/div>\n\t\t\t\t<\/div>\n\t\t\t\t<h1 class=\"entry-title\">Metalle kaufen<\/h1>\n\t\t\t\t\t\t<\/div>\n\n\t\t[\/vc_column][\/vc_row][vc_row][vc_column width=&#8220;1\/2&#8243;][vc_column_text]An unserem Standort in der Kolodvorska ulica 37d, 2310 Slovenska Bistrica, kaufen wir verschiedene Altmetalle von Privatpersonen und juristischen Personen. Bei gr\u00f6\u00dferen Mengen verwenden wir eine Br\u00fcckenwaage (Lkw-Waage), auf die der Lastwagen\/das Auto. Kleinere Mengen werden auf einer kleineren Waage gewogen. Von Privatpersonen und juristischen Personen erwerben wir:<\/p>\n<ul>\n<li>altmetall (Z\u00e4une, verschiedene Maschinenteile, Radiatoren, Werkzeuge, Eisensp\u00e4ne, Eisenlegierungen und eine Vielzahl von Metallen),<\/li>\n<li>altmetalle mit Farbbeschichtung (Aluminium, Kupfer, Messing, Kabel, Bronze, Zink, Blei, bronzene Sp\u00e4ne, Aluminiumsp\u00e4ne, Prochrom&#8230;).<\/li>\n<\/ul>\n<p>[\/vc_column_text][\/vc_column][vc_column width=&#8220;1\/2&#8243;][vc_single_image image=&#8220;2373&#8243; el_class=&#8220;img-no-shadow&#8220;][\/vc_column][\/vc_row][vc_row el_class=&#8220;sp-metals&#8220;][vc_column]\t\t\n\t\t<div class=\"ns-cwi-container  \">\n\t\t\t<div class=\"ns-cwi-icon\">\n\t\t\t\t<div class=\"ns-cwi-icon-inner\">\n\t\t\t\t\t<img decoding=\"async\" src=\"https:\/\/www.odpadbistrica.si\/wp-content\/uploads\/2023\/11\/odpad-bistrica-zelezo.png\">\t\t\t\t<\/div>\n\t\t\t<\/div>\n\t\t\t<div class=\"ns-cwi-content\">\n\t\t\t\t<div class=\"ns-cwi-content_inner\">\n\t\t\t\t\t<\/p>\n<p id=\"tw-target-text\" class=\"tw-data-text tw-text-large tw-ta\" dir=\"ltr\" data-placeholder=\"Prevod\" data-ved=\"2ahUKEwjAwuy4-5qDAxWPzgIHHaIIBIEQ3ewLegQICRAQ\"><span class=\"Y2IQFc\" lang=\"de\">Eisen<\/span><\/p>\n<p>\t\t\t\t<\/div>\n\t\t\t<\/div>\n\t\t<\/div>\n\n\t\t\t\t\n\t\t<div class=\"ns-cwi-container  \">\n\t\t\t<div class=\"ns-cwi-icon\">\n\t\t\t\t<div class=\"ns-cwi-icon-inner\">\n\t\t\t\t\t<img decoding=\"async\" src=\"https:\/\/www.odpadbistrica.si\/wp-content\/uploads\/2023\/11\/odpad-bistrica-jeklo.png\">\t\t\t\t<\/div>\n\t\t\t<\/div>\n\t\t\t<div class=\"ns-cwi-content\">\n\t\t\t\t<div class=\"ns-cwi-content_inner\">\n\t\t\t\t\t<\/p>\n<p id=\"tw-target-text\" class=\"tw-data-text tw-text-large tw-ta\" dir=\"ltr\" data-placeholder=\"Prevod\" data-ved=\"2ahUKEwjAwuy4-5qDAxWPzgIHHaIIBIEQ3ewLegQICRAQ\"><span class=\"Y2IQFc\" lang=\"de\">Stahl<\/span><\/p>\n<p>\t\t\t\t<\/div>\n\t\t\t<\/div>\n\t\t<\/div>\n\n\t\t\t\t\n\t\t<div class=\"ns-cwi-container  \">\n\t\t\t<div class=\"ns-cwi-icon\">\n\t\t\t\t<div class=\"ns-cwi-icon-inner\">\n\t\t\t\t\t<img decoding=\"async\" src=\"https:\/\/www.odpadbistrica.si\/wp-content\/uploads\/2023\/11\/odpad-bistrica-baker.png\">\t\t\t\t<\/div>\n\t\t\t<\/div>\n\t\t\t<div class=\"ns-cwi-content\">\n\t\t\t\t<div class=\"ns-cwi-content_inner\">\n\t\t\t\t\t<\/p>\n<p id=\"tw-target-text\" class=\"tw-data-text tw-text-large tw-ta\" dir=\"ltr\" data-placeholder=\"Prevod\" data-ved=\"2ahUKEwjAwuy4-5qDAxWPzgIHHaIIBIEQ3ewLegQICRAQ\"><span class=\"Y2IQFc\" lang=\"de\">Kupfer<\/span><\/p>\n<p>\t\t\t\t<\/div>\n\t\t\t<\/div>\n\t\t<\/div>\n\n\t\t\t\t\n\t\t<div class=\"ns-cwi-container  \">\n\t\t\t<div class=\"ns-cwi-icon\">\n\t\t\t\t<div class=\"ns-cwi-icon-inner\">\n\t\t\t\t\t<img decoding=\"async\" src=\"https:\/\/www.odpadbistrica.si\/wp-content\/uploads\/2023\/11\/odpad-bistrica-aluminij.png\">\t\t\t\t<\/div>\n\t\t\t<\/div>\n\t\t\t<div class=\"ns-cwi-content\">\n\t\t\t\t<div class=\"ns-cwi-content_inner\">\n\t\t\t\t\t<\/p>\n<p id=\"tw-target-text\" class=\"tw-data-text tw-text-large tw-ta\" dir=\"ltr\" data-placeholder=\"Prevod\" data-ved=\"2ahUKEwjAwuy4-5qDAxWPzgIHHaIIBIEQ3ewLegQICRAQ\"><span class=\"Y2IQFc\" lang=\"de\">Aluminium<\/span><\/p>\n<p>\t\t\t\t<\/div>\n\t\t\t<\/div>\n\t\t<\/div>\n\n\t\t\t\t\n\t\t<div class=\"ns-cwi-container  \">\n\t\t\t<div class=\"ns-cwi-icon\">\n\t\t\t\t<div class=\"ns-cwi-icon-inner\">\n\t\t\t\t\t<img decoding=\"async\" src=\"https:\/\/www.odpadbistrica.si\/wp-content\/uploads\/2023\/11\/odpad-bistrica-ostale-kovine.png\">\t\t\t\t<\/div>\n\t\t\t<\/div>\n\t\t\t<div class=\"ns-cwi-content\">\n\t\t\t\t<div class=\"ns-cwi-content_inner\">\n\t\t\t\t\t<\/p>\n<p id=\"tw-target-text\" class=\"tw-data-text tw-text-large tw-ta\" dir=\"ltr\" data-placeholder=\"Prevod\" data-ved=\"2ahUKEwjAwuy4-5qDAxWPzgIHHaIIBIEQ3ewLegQICRAQ\"><span class=\"Y2IQFc\" lang=\"de\">Andere Metalle<\/span><\/p>\n<p>\t\t\t\t<\/div>\n\t\t\t<\/div>\n\t\t<\/div>\n\n\t\t[\/vc_column][\/vc_row]<\/p>\n<\/section>","protected":false},"excerpt":{"rendered":"<p>[vc_row full_width=&#8220;stretch_row_content_no_spaces&#8220; el_class=&#8220;sp-page-title&#8220;][vc_column][\/vc_column][\/vc_row][vc_row][vc_column width=&#8220;1\/2&#8243;][vc_column_text]An unserem Standort in der Kolodvorska ulica 37d, 2310 Slovenska Bistrica, kaufen wir verschiedene Altmetalle von Privatpersonen und juristischen Personen. Bei gr\u00f6\u00dferen Mengen verwenden wir eine Br\u00fcckenwaage (Lkw-Waage), auf die der Lastwagen\/das Auto. Kleinere Mengen werden auf einer kleineren Waage gewogen. Von Privatpersonen und juristischen Personen erwerben wir: altmetall (Z\u00e4une, verschiedene Maschinenteile, Radiatoren, Werkzeuge, Eisensp\u00e4ne, Eisenlegierungen und eine Vielzahl von Metallen), altmetalle mit Farbbeschichtung (Aluminium, Kupfer, Messing, Kabel, Bronze, Zink, Blei, bronzene Sp\u00e4ne, Aluminiumsp\u00e4ne, Prochrom&#8230;). [\/vc_column_text][\/vc_column][vc_column width=&#8220;1\/2&#8243;][vc_single_image image=&#8220;2373&#8243; el_class=&#8220;img-no-shadow&#8220;][\/vc_column][\/vc_row][vc_row el_class=&#8220;sp-metals&#8220;][vc_column][\/vc_column][\/vc_row]<\/p>\n","protected":false},"author":1,"featured_media":0,"parent":0,"menu_order":2,"comment_status":"closed","ping_status":"closed","template":"","meta":{"footnotes":""},"class_list":["post-2413","page","type-page","status-publish","hentry"],"_links":{"self":[{"href":"https:\/\/www.odpadbistrica.si\/de\/wp-json\/wp\/v2\/pages\/2413","targetHints":{"allow":["GET"]}}],"collection":[{"href":"https:\/\/www.odpadbistrica.si\/de\/wp-json\/wp\/v2\/pages"}],"about":[{"href":"https:\/\/www.odpadbistrica.si\/de\/wp-json\/wp\/v2\/types\/page"}],"author":[{"embeddable":true,"href":"https:\/\/www.odpadbistrica.si\/de\/wp-json\/wp\/v2\/users\/1"}],"replies":[{"embeddable":true,"href":"https:\/\/www.odpadbistrica.si\/de\/wp-json\/wp\/v2\/comments?post=2413"}],"version-history":[{"count":0,"href":"https:\/\/www.odpadbistrica.si\/de\/wp-json\/wp\/v2\/pages\/2413\/revisions"}],"wp:attachment":[{"href":"https:\/\/www.odpadbistrica.si\/de\/wp-json\/wp\/v2\/media?parent=2413"}],"curies":[{"name":"wp","href":"https:\/\/api.w.org\/{rel}","templated":true}]}}