{"id":2415,"date":"2023-11-08T17:39:41","date_gmt":"2023-11-08T16:39:41","guid":{"rendered":"https:\/\/www.odpadbistrica.si\/demontaza\/"},"modified":"2023-12-18T12:59:42","modified_gmt":"2023-12-18T11:59:42","slug":"demontage","status":"publish","type":"page","link":"https:\/\/www.odpadbistrica.si\/de\/demontage\/","title":{"rendered":"Demontage"},"content":{"rendered":"<section class=\"wpb-content-wrapper\"><p>[vc_row full_width=&#8220;stretch_row_content_no_spaces&#8220; el_class=&#8220;sp-page-title&#8220;][vc_column]\t\t\n\t\t<div class=\"title-banner\" style=\"background-image: linear-gradient(rgba(0, 0, 0, 0.2),rgba(0, 0, 0, 0.3)),url();\">\n\n\t\t<\/div>\n\t\t<div class=\"title-bg-belt\">\n\t\t\t\n\t\t<\/div>\n\t\t<div class=\"container container-for-crumbs\">\n\t\t\t\t<div class=\"breadcrumbs-container\">\n\t\t\t\t\t\t<div class=\"breadcrumbs\">\n\t\t\t\t\t\t\t\n\t<ul class=\"ns-breadcrumbs\">\n\t\t\t<li><a href=\"https:\/\/www.odpadbistrica.si\/de\/\">Startseite<\/a><\/li>\n\t\t\t\t<li>Demontage<\/li>\n\t<\/ul>\n\t\n\t\t\t\t\t\t\t\t<div class=\"clearfix\"><\/div>\n\t\t\t\t\t\t<\/div>\n\t\t\t\t<\/div>\n\t\t\t\t<h1 class=\"entry-title\">Demontage<\/h1>\n\t\t\t\t\t\t<\/div>\n\n\t\t[\/vc_column][\/vc_row][vc_row][vc_column width=&#8220;1\/2&#8243;][vc_column_text]Unsere Expertise erstreckt sich auch auf die Demontage verschiedener Stahlkonstruktionen. Es k\u00f6nnen Vereinbarungen getroffen werden, um unsere Dienstleistungen mit Materialien zu verg\u00fcten. Dar\u00fcber hinaus stellen wir sicher, dass bedeutende Mengen Altmetall von ihrem Ursprungsort zu unserem Lager\u00a0 transportiert werden.[\/vc_column_text][\/vc_column][vc_column width=&#8220;1\/2&#8243;][vc_single_image image=&#8220;2377&#8243; el_class=&#8220;img-no-shadow&#8220;][\/vc_column][\/vc_row][vc_row full_width=&#8220;stretch_row&#8220; el_class=&#8220;gallery-row&#8220;][vc_column]\n\t\t<script type=\"text\/javascript\">\n\t\t\tjQuery( document ).ready(function() {\n\t\t\t\tdocument.getElementById('1694589164639-1189f8ff-5181').onclick = function (event) {\n\t\t\t\tevent = event || window.event;\n\t\t\t\tvar target = event.target || event.srcElement,\n\t\t\t\t\tlink = target.src ? target.parentNode : target,\n\t\t\t\t\toptions = {index: link, event: event},\n\t\t\t\t\tlinks = this.getElementsByTagName('a');\n\t\t\t\tblueimp.Gallery(links, options);\n\t\t\t\t};\n\t\t\t});\n\t\t<\/script>\n\n\t\t<div class=\"ns-gallery-section\">\n\t\t\t<div id=\"1694589164639-1189f8ff-5181\" class=\"ns-gallery nsg-p15\">\n\t\t\t\t\t\t\t\t\t<div class=\"nsg-gitem nsg-c3\">\n\t\t\t\t\t\t<a href=\"https:\/\/www.odpadbistrica.si\/wp-content\/uploads\/2023\/11\/odpad-bistrica-demontaza-2.jpg\" class=\"nsg-img-container nsg-r16-9\">\n\t\t\t\t\t\t\t<img decoding=\"async\" class=\"nsg-img\" src=\"https:\/\/www.odpadbistrica.si\/slir\/w768\/wp-content\/uploads\/2023\/11\/odpad-bistrica-demontaza-2.jpg\">\n\t\t\t\t\t\t<\/a>\n\t\t\t\t\t\t\t\t\t\t\t<\/div>\n\t\t\t\t\t\t\t\t\t<div class=\"nsg-gitem nsg-c3\">\n\t\t\t\t\t\t<a href=\"https:\/\/www.odpadbistrica.si\/wp-content\/uploads\/2023\/11\/odpad-bistrica-demontaza-5.jpg\" class=\"nsg-img-container nsg-r16-9\">\n\t\t\t\t\t\t\t<img decoding=\"async\" class=\"nsg-img\" src=\"https:\/\/www.odpadbistrica.si\/slir\/w768\/wp-content\/uploads\/2023\/11\/odpad-bistrica-demontaza-5.jpg\">\n\t\t\t\t\t\t<\/a>\n\t\t\t\t\t\t\t\t\t\t\t<\/div>\n\t\t\t\t\t\t\t\t\t<div class=\"nsg-gitem nsg-c3\">\n\t\t\t\t\t\t<a href=\"https:\/\/www.odpadbistrica.si\/wp-content\/uploads\/2023\/11\/dsc_1959-scaled.jpg\" class=\"nsg-img-container nsg-r16-9\">\n\t\t\t\t\t\t\t<img decoding=\"async\" class=\"nsg-img\" src=\"https:\/\/www.odpadbistrica.si\/slir\/w768\/wp-content\/uploads\/2023\/11\/dsc_1959-scaled.jpg\">\n\t\t\t\t\t\t<\/a>\n\t\t\t\t\t\t\t\t\t\t\t<\/div>\n\t\t\t\t\t\t\t\t\t<div class=\"nsg-gitem nsg-c3\">\n\t\t\t\t\t\t<a href=\"https:\/\/www.odpadbistrica.si\/wp-content\/uploads\/2023\/11\/dsc_1941-scaled.jpg\" class=\"nsg-img-container nsg-r16-9\">\n\t\t\t\t\t\t\t<img decoding=\"async\" class=\"nsg-img\" src=\"https:\/\/www.odpadbistrica.si\/slir\/w768\/wp-content\/uploads\/2023\/11\/dsc_1941-scaled.jpg\">\n\t\t\t\t\t\t<\/a>\n\t\t\t\t\t\t\t\t\t\t\t<\/div>\n\t\t\t\t\t\t\t\t\t<div class=\"nsg-gitem nsg-c3\">\n\t\t\t\t\t\t<a href=\"https:\/\/www.odpadbistrica.si\/wp-content\/uploads\/2023\/11\/dsc_1970-scaled.jpg\" class=\"nsg-img-container nsg-r16-9\">\n\t\t\t\t\t\t\t<img decoding=\"async\" class=\"nsg-img\" src=\"https:\/\/www.odpadbistrica.si\/slir\/w768\/wp-content\/uploads\/2023\/11\/dsc_1970-scaled.jpg\">\n\t\t\t\t\t\t<\/a>\n\t\t\t\t\t\t\t\t\t\t\t<\/div>\n\t\t\t\t\t\t\t\t\t<div class=\"nsg-gitem nsg-c3\">\n\t\t\t\t\t\t<a href=\"https:\/\/www.odpadbistrica.si\/wp-content\/uploads\/2023\/11\/dsc_1974-scaled.jpg\" class=\"nsg-img-container nsg-r16-9\">\n\t\t\t\t\t\t\t<img decoding=\"async\" class=\"nsg-img\" src=\"https:\/\/www.odpadbistrica.si\/slir\/w768\/wp-content\/uploads\/2023\/11\/dsc_1974-scaled.jpg\">\n\t\t\t\t\t\t<\/a>\n\t\t\t\t\t\t\t\t\t\t\t<\/div>\n\t\t\t\t\t\t\t<\/div>\n\t\t<\/div>\n\n\t\t[\/vc_column][\/vc_row]<\/p>\n<\/section>","protected":false},"excerpt":{"rendered":"<p>[vc_row full_width=&#8220;stretch_row_content_no_spaces&#8220; el_class=&#8220;sp-page-title&#8220;][vc_column][\/vc_column][\/vc_row][vc_row][vc_column width=&#8220;1\/2&#8243;][vc_column_text]Unsere Expertise erstreckt sich auch auf die Demontage verschiedener Stahlkonstruktionen. Es k\u00f6nnen Vereinbarungen getroffen werden, um unsere Dienstleistungen mit Materialien zu verg\u00fcten. Dar\u00fcber hinaus stellen wir sicher, dass bedeutende Mengen Altmetall von ihrem Ursprungsort zu unserem Lager\u00a0 transportiert werden.[\/vc_column_text][\/vc_column][vc_column width=&#8220;1\/2&#8243;][vc_single_image image=&#8220;2377&#8243; el_class=&#8220;img-no-shadow&#8220;][\/vc_column][\/vc_row][vc_row full_width=&#8220;stretch_row&#8220; el_class=&#8220;gallery-row&#8220;][vc_column][\/vc_column][\/vc_row]<\/p>\n","protected":false},"author":1,"featured_media":0,"parent":0,"menu_order":3,"comment_status":"closed","ping_status":"closed","template":"","meta":{"footnotes":""},"class_list":["post-2415","page","type-page","status-publish","hentry"],"_links":{"self":[{"href":"https:\/\/www.odpadbistrica.si\/de\/wp-json\/wp\/v2\/pages\/2415","targetHints":{"allow":["GET"]}}],"collection":[{"href":"https:\/\/www.odpadbistrica.si\/de\/wp-json\/wp\/v2\/pages"}],"about":[{"href":"https:\/\/www.odpadbistrica.si\/de\/wp-json\/wp\/v2\/types\/page"}],"author":[{"embeddable":true,"href":"https:\/\/www.odpadbistrica.si\/de\/wp-json\/wp\/v2\/users\/1"}],"replies":[{"embeddable":true,"href":"https:\/\/www.odpadbistrica.si\/de\/wp-json\/wp\/v2\/comments?post=2415"}],"version-history":[{"count":0,"href":"https:\/\/www.odpadbistrica.si\/de\/wp-json\/wp\/v2\/pages\/2415\/revisions"}],"wp:attachment":[{"href":"https:\/\/www.odpadbistrica.si\/de\/wp-json\/wp\/v2\/media?parent=2415"}],"curies":[{"name":"wp","href":"https:\/\/api.w.org\/{rel}","templated":true}]}}