{"id":2425,"date":"2023-05-09T09:19:48","date_gmt":"2023-05-09T08:19:48","guid":{"rendered":"https:\/\/www.odpadbistrica.si\/produkcija\/"},"modified":"2023-12-19T10:30:31","modified_gmt":"2023-12-19T09:30:31","slug":"produktion","status":"publish","type":"page","link":"https:\/\/www.odpadbistrica.si\/de\/produktion\/","title":{"rendered":"Produktion"},"content":{"rendered":"<section class=\"wpb-content-wrapper\"><p>[vc_row full_width=&#8220;stretch_row_content_no_spaces&#8220; el_class=&#8220;sp-page-title&#8220;][vc_column]\t\t\n\t\t<div class=\"title-banner\" style=\"background-image: linear-gradient(rgba(0, 0, 0, 0.2),rgba(0, 0, 0, 0.3)),url();\">\n\n\t\t<\/div>\n\t\t<div class=\"title-bg-belt\">\n\t\t\t\n\t\t<\/div>\n\t\t<div class=\"container container-for-crumbs\">\n\t\t\t\t<div class=\"breadcrumbs-container\">\n\t\t\t\t\t\t<div class=\"breadcrumbs\">\n\t\t\t\t\t\t\t\n\t<ul class=\"ns-breadcrumbs\">\n\t\t\t<li><a href=\"https:\/\/www.odpadbistrica.si\/de\/\">Startseite<\/a><\/li>\n\t\t\t\t<li>Produktion<\/li>\n\t<\/ul>\n\t\n\t\t\t\t\t\t\t\t<div class=\"clearfix\"><\/div>\n\t\t\t\t\t\t<\/div>\n\t\t\t\t<\/div>\n\t\t\t\t<h1 class=\"entry-title\">Produktion<\/h1>\n\t\t\t\t\t\t<\/div>\n\n\t\t[\/vc_column][\/vc_row][vc_row][vc_column][vc_column_text]<\/p>\n<h2>Entwicklung und Gestaltung von Websites<\/h2>\n<p><strong>Die Digitalagentur <span style=\"color: #f56702;\">novi<\/span>Splet <\/strong>k\u00fcmmerte sich darum:<\/p>\n<ul>\n<li>Gestaltung des Nutzererlebnisses,<\/li>\n<li>Web-Design,<\/li>\n<li>technische Umsetzung,<\/li>\n<li>Umsetzung des gesamten Projekts.<\/li>\n<\/ul>\n<p><a href=\"https:\/\/www.novisplet.eu\/\" target=\"_blank\" rel=\"noopener\">Entwicklung einer Website<\/a> ist die Hauptt\u00e4tigkeit der Digitalagentur noviSplet, die mit umfassenden Webl\u00f6sungen den Online-Verkauf und die Reputation von Unternehmen st\u00e4rkt.<\/p>\n<p>Mehr auf <a href=\"https:\/\/www.novisplet.eu\/\" target=\"_blank\" rel=\"noopener\">www.novisplet.eu<\/a><\/p>\n<h2>Inhalt der Website<\/h2>\n<p>Die Texte und Bilder auf der Website werden erstellt von <strong>ODPAD BISTRICA doo<\/strong>[\/vc_column_text][\/vc_column][\/vc_row][vc_row][vc_column][vc_empty_space][\/vc_column][\/vc_row]<\/p>\n<\/section>","protected":false},"excerpt":{"rendered":"<p>[vc_row full_width=&#8220;stretch_row_content_no_spaces&#8220; el_class=&#8220;sp-page-title&#8220;][vc_column][\/vc_column][\/vc_row][vc_row][vc_column][vc_column_text] Entwicklung und Gestaltung von Websites Die Digitalagentur noviSplet k\u00fcmmerte sich darum: Gestaltung des Nutzererlebnisses, Web-Design, technische Umsetzung, Umsetzung des gesamten Projekts. Entwicklung einer Website ist die Hauptt\u00e4tigkeit der Digitalagentur noviSplet, die mit umfassenden Webl\u00f6sungen den Online-Verkauf und die Reputation von Unternehmen st\u00e4rkt. Mehr auf www.novisplet.eu Inhalt der Website Die Texte und Bilder auf der Website werden erstellt von ODPAD BISTRICA doo[\/vc_column_text][\/vc_column][\/vc_row][vc_row][vc_column][vc_empty_space][\/vc_column][\/vc_row]<\/p>\n","protected":false},"author":1,"featured_media":0,"parent":0,"menu_order":6,"comment_status":"closed","ping_status":"closed","template":"","meta":{"footnotes":""},"class_list":["post-2425","page","type-page","status-publish","hentry"],"_links":{"self":[{"href":"https:\/\/www.odpadbistrica.si\/de\/wp-json\/wp\/v2\/pages\/2425","targetHints":{"allow":["GET"]}}],"collection":[{"href":"https:\/\/www.odpadbistrica.si\/de\/wp-json\/wp\/v2\/pages"}],"about":[{"href":"https:\/\/www.odpadbistrica.si\/de\/wp-json\/wp\/v2\/types\/page"}],"author":[{"embeddable":true,"href":"https:\/\/www.odpadbistrica.si\/de\/wp-json\/wp\/v2\/users\/1"}],"replies":[{"embeddable":true,"href":"https:\/\/www.odpadbistrica.si\/de\/wp-json\/wp\/v2\/comments?post=2425"}],"version-history":[{"count":1,"href":"https:\/\/www.odpadbistrica.si\/de\/wp-json\/wp\/v2\/pages\/2425\/revisions"}],"predecessor-version":[{"id":2513,"href":"https:\/\/www.odpadbistrica.si\/de\/wp-json\/wp\/v2\/pages\/2425\/revisions\/2513"}],"wp:attachment":[{"href":"https:\/\/www.odpadbistrica.si\/de\/wp-json\/wp\/v2\/media?parent=2425"}],"curies":[{"name":"wp","href":"https:\/\/api.w.org\/{rel}","templated":true}]}}